{"id":17801,"date":"2021-09-30T08:57:21","date_gmt":"2021-09-30T06:57:21","guid":{"rendered":"https:\/\/ortho-center.eu\/?page_id=17801"},"modified":"2026-02-18T09:54:24","modified_gmt":"2026-02-18T08:54:24","slug":"prof-dr-lill","status":"publish","type":"page","link":"https:\/\/ortho-center.eu\/en\/prof-dr-lill\/","title":{"rendered":"Prof. Dr. med. Christoph Lill"},"content":{"rendered":"\n<div class=\"wp-block-cover alignfull is-light has-parallax mb-0\" style=\"min-height:327px;aspect-ratio:unset;\" id=\"header-cover\"><div class=\"wp-block-cover__image-background wp-image-708 has-parallax\" style=\"background-position:50% 50%;background-image:url(https:\/\/ortho-center.eu\/wp-content\/uploads\/2021\/09\/arzte-header.png)\"><\/div><span aria-hidden=\"true\" class=\"wp-block-cover__background has-background-dim-0 has-background-dim\"><\/span><div class=\"wp-block-cover__inner-container is-layout-flow wp-block-cover-is-layout-flow\">\n<div class=\"wp-block-group\"><div class=\"wp-block-group__inner-container is-layout-flow wp-block-group-is-layout-flow\">\n<div class=\"wp-block-columns is-layout-flex wp-container-core-columns-is-layout-9d6595d7 wp-block-columns-is-layout-flex\">\n<div class=\"wp-block-column is-layout-flow wp-block-column-is-layout-flow\" style=\"flex-basis:66.66%\">\n<h1 class=\"wp-block-heading semibold\">Prof. Dr. med. Christoph Lill<\/h1>\n\n\n\n<p class=\"semibold has-white-color has-text-color\" style=\"font-size:18px\">Joint specialist in Munich<\/p>\n\n\n\n<p class=\"termin-buchen-btn btn-general\"><a href=\"https:\/\/ortho-center.eu\/en\/online-termin\/\" data-type=\"page\" data-id=\"20004\">BOOK APPOINTMENT<\/a><\/p>\n<\/div>\n\n\n\n<div class=\"wp-block-column is-layout-flow wp-block-column-is-layout-flow\" style=\"flex-basis:33.33%\"><\/div>\n<\/div>\n<\/div><\/div>\n<\/div><\/div>\n\n\n\n<div class=\"wp-block-group mb-0\"><div class=\"wp-block-group__inner-container is-layout-flow wp-block-group-is-layout-flow\"><div class=\"yoast-breadcrumbs yoast-breadcrumb semibold\">\tYOU ARE HERE\n<span><span><a href=\"https:\/\/ortho-center.eu\/en\/\">Home<\/a><\/span> \u00bb <span class=\"breadcrumb_last\" aria-current=\"page\">Prof. Dr. med. Christoph Lill<\/span><\/span><\/div><\/div><\/div>\n\n\n\n<div class=\"wp-block-group alignwide mb-0\" id=\"arzt-main\"><div class=\"wp-block-group__inner-container is-layout-flow wp-block-group-is-layout-flow\">\n<div class=\"wp-block-columns is-layout-flex wp-container-core-columns-is-layout-9d6595d7 wp-block-columns-is-layout-flex\">\n<div class=\"wp-block-column is-layout-flow wp-block-column-is-layout-flow\" style=\"flex-basis:50%\">\n<div style=\"height:30px\" aria-hidden=\"true\" class=\"wp-block-spacer only-mobile\"><\/div>\n\n\n<div class=\"wp-block-image\">\n<figure class=\"aligncenter size-full\"><img decoding=\"async\" width=\"450\" height=\"450\" src=\"https:\/\/ortho-center.eu\/wp-content\/uploads\/2021\/09\/schulter-und-schultergelenk02-e1631182441947.jpg\" alt=\"\" class=\"wp-image-18966\" srcset=\"https:\/\/ortho-center.eu\/wp-content\/uploads\/2021\/09\/schulter-und-schultergelenk02-e1631182441947.jpg 450w, https:\/\/ortho-center.eu\/wp-content\/uploads\/2021\/09\/schulter-und-schultergelenk02-e1631182441947-300x300.jpg 300w, https:\/\/ortho-center.eu\/wp-content\/uploads\/2021\/09\/schulter-und-schultergelenk02-e1631182441947-150x150.jpg 150w\" sizes=\"(max-width: 450px) 100vw, 450px\" \/><\/figure>\n<\/div>\n\n\n<div style=\"height:50px\" aria-hidden=\"true\" class=\"wp-block-spacer only-desktop\"><\/div>\n<\/div>\n\n\n\n<div class=\"wp-block-column arzt-about is-layout-flow wp-block-column-is-layout-flow\" style=\"flex-basis:55%\">\n<div class=\"wp-block-columns mb-0 is-layout-flex wp-container-core-columns-is-layout-9d6595d7 wp-block-columns-is-layout-flex\">\n<div class=\"wp-block-column is-layout-flow wp-block-column-is-layout-flow\" style=\"flex-basis:58%\">\n<p class=\"uppercase semibold has-text-color has-normal-font-size\" style=\"color:#4678A4\">Prof. Dr. med. Christoph Lill<\/p>\n\n\n\n<h2 class=\"wp-block-heading uppercase bold\">Specialist<br>for gentle joint surgery<\/h2>\n<\/div>\n<\/div>\n\n\n\n<div style=\"height:25px\" aria-hidden=\"true\" class=\"wp-block-spacer\"><\/div>\n\n\n\n<p>Professor Dr. med. Christoph Lill is an international surgeon specialized in innovative arthroscopic surgical procedures, minimally invasive joint replacement, foot and hip, foot surgery and orthopedic stem cell therapy. Together with his highly specialized team complex&nbsp;<a href=\"https:\/\/ortho-center.eu\/en\/wirbelsaeule\/\">spine surgeries<\/a>&nbsp;are performed.<\/p>\n\n\n\n<div style=\"height:25px\" aria-hidden=\"true\" class=\"wp-block-spacer only-desktop\"><\/div>\n\n\n\n<ul class=\"wp-block-list show-hide-text\">\n<li>Professor Lill, Orthopedic surgereon at the OrthoCenter<\/li>\n\n\n\n<li>Member of the Medical Faculty of the Ruprecht Karl University of Heidelberg<\/li>\n\n\n\n<li>Lectureship at the German Elite University of Heidelberg<\/li>\n\n\n\n<li>In conjunction with hospitals and research institutes worldwide<\/li>\n\n\n\n<li>CEO of Medical Specialists Munich GbR<\/li>\n<\/ul>\n\n\n\n<span class=\"only-mobile down-arrow\"><\/span>\n<\/div>\n<\/div>\n\n\n\n<div class=\"wp-block-columns is-layout-flex wp-container-core-columns-is-layout-9d6595d7 wp-block-columns-is-layout-flex\">\n<div class=\"wp-block-column accordion-plus is-layout-flow wp-block-column-is-layout-flow\" style=\"flex-basis:100%\">\n<div class=\"wp-block-group\"><div class=\"wp-block-group__inner-container is-layout-flow wp-block-group-is-layout-flow\">\n<div class=\"wp-block-group title-group\"><div class=\"wp-block-group__inner-container is-layout-flow wp-block-group-is-layout-flow\">\n<p class=\"accordion-title bold has-text-color has-medium-font-size\" style=\"color:#4678A4\">Focus of Prof. Lill<\/p>\n<\/div><\/div>\n\n\n\n<div class=\"wp-block-group show-hide-text show\"><div class=\"wp-block-group__inner-container is-layout-flow wp-block-group-is-layout-flow\">\n<ul class=\"wp-block-list\">\n<li><a href=\"https:\/\/ortho-center.eu\/en\/gelenke\/shoulder\/\">Shoulder<\/a>,&nbsp;<a href=\"https:\/\/ortho-center.eu\/en\/gelenke\/hip\/\">hip<\/a>&nbsp;and&nbsp;<a href=\"https:\/\/ortho-center.eu\/en\/gelenke\/knee\/\">jump arthroplasty<\/a><\/li>\n\n\n\n<li>Arthroscopic&nbsp;<a href=\"https:\/\/ortho-center.eu\/en\/operative-therapie\/operation-knie\/\">knee<\/a>,&nbsp;<a href=\"https:\/\/ortho-center.eu\/operative-therapie\/operation-schulter\/\">shoulder<\/a>&nbsp;and&nbsp;<a href=\"https:\/\/ortho-center.eu\/en\/operative-therapie\/operation-sprunggelenk\/\">ankle surgery<\/a><\/li>\n\n\n\n<li>Cartilage repair (chondrocyte transplantation)<\/li>\n\n\n\n<li><a href=\"https:\/\/ortho-center.eu\/en\/operative-therapie\/operation-knie\/biologische-knieprothese\/\">Bioprosthesis knee joint<\/a><\/li>\n\n\n\n<li><a href=\"https:\/\/ortho-center.eu\/en\/operative-therapie\/operation-knie\/meniskus-operation\/\">Meniscal implantation<\/a><\/li>\n\n\n\n<li><a href=\"https:\/\/ortho-center.eu\/en\/konservative-therapie\/sportorthopaedie\/\">Sports traumatology<\/a><\/li>\n\n\n\n<li>Cruciate ligament reconstruction<\/li>\n\n\n\n<li><a href=\"https:\/\/ortho-center.eu\/en\/operative-therapie\/operation-fuss\/\">Foot surgery<\/a><\/li>\n\n\n\n<li><a href=\"https:\/\/ortho-center.eu\/en\/konservative-therapie\/stammzelltherapie\/\">Stem cell therapy<\/a><\/li>\n<\/ul>\n\n\n\n<div class=\"up-arrow\"><\/div>\n<\/div><\/div>\n<\/div><\/div>\n\n\n\n<div class=\"wp-block-group\"><div class=\"wp-block-group__inner-container is-layout-flow wp-block-group-is-layout-flow\">\n<div class=\"wp-block-group title-group\"><div class=\"wp-block-group__inner-container is-layout-flow wp-block-group-is-layout-flow\">\n<p class=\"accordion-title bold has-text-color has-medium-font-size\" style=\"color:#4678A4\">Qualifications<\/p>\n<\/div><\/div>\n\n\n\n<div class=\"wp-block-group show-hide-text\"><div class=\"wp-block-group__inner-container is-layout-flow wp-block-group-is-layout-flow\">\n<ul class=\"wp-block-list\">\n<li><strong>2004:<\/strong> Additional Description Special Pain Therapy<\/li>\n\n\n\n<li><strong>2003:<\/strong> Additional qualification in physical therapy<\/li>\n\n\n\n<li><strong>2002:<\/strong> Orthopaedic Specialist<\/li>\n\n\n\n<li><strong>1999:<\/strong> Additional qualification in sports medicine<\/li>\n\n\n\n<li><strong>1997:<\/strong> Technical instruction rescue service<\/li>\n\n\n\n<li><strong>1996:<\/strong> Additional qualification chiropractic<\/li>\n\n\n\n<li><strong>1995:<\/strong> Area designation practice<\/li>\n<\/ul>\n\n\n\n<div class=\"up-arrow\"><\/div>\n<\/div><\/div>\n<\/div><\/div>\n\n\n\n<div class=\"wp-block-group\"><div class=\"wp-block-group__inner-container is-layout-flow wp-block-group-is-layout-flow\">\n<div class=\"wp-block-group title-group\"><div class=\"wp-block-group__inner-container is-layout-flow wp-block-group-is-layout-flow\">\n<p class=\"accordion-title bold has-text-color has-medium-font-size\" style=\"color:#4678A4\">Memberships<\/p>\n<\/div><\/div>\n\n\n\n<div class=\"wp-block-group show-hide-text\"><div class=\"wp-block-group__inner-container is-layout-flow wp-block-group-is-layout-flow\">\n<p><strong>Professor Dr. med. Lill is a member of the following companies &amp; organizations. For more information click on the name of the organization.<\/strong><\/p>\n\n\n\n<ul class=\"wp-block-list\">\n<li><strong><a href=\"https:\/\/www.aofoundation.org\/\" target=\"_blank\" rel=\"noreferrer noopener\">AO Foundation<\/a><\/strong><\/li>\n\n\n\n<li><strong><a href=\"http:\/\/www.dgou.de\/gremien\/sektionen\/grundlagenforschung.html\" target=\"_blank\" rel=\"noreferrer noopener\">DGOU (Deutsche Gesellschaft f\u00fcr Orthop\u00e4die und Unfallchirurgie)<\/a><\/strong><\/li>\n\n\n\n<li><a href=\"http:\/\/www.dgooc.de\/\" target=\"_blank\" rel=\"noreferrer noopener\"><strong>DGOOC<\/strong> (<strong>Deutsche Gesellschaft f\u00fcr Orthop\u00e4die und orthop\u00e4dische Chirurgie)<\/strong><\/a><\/li>\n\n\n\n<li><strong>A member of msm &#8211; medical specialists munich:<\/strong><\/li>\n\n\n\n<li><strong><a href=\"https:\/\/www.dgschmerzmedizin.de\/\" target=\"_blank\" rel=\"noreferrer noopener\">DGS (Deutsche Gesellschaft f\u00fcr Schmerzmedizin e.V.)<\/a><\/strong><\/li>\n<\/ul>\n\n\n\n<div class=\"up-arrow\"><\/div>\n<\/div><\/div>\n<\/div><\/div>\n<\/div>\n<\/div>\n\n\n\n<div style=\"height:60px\" aria-hidden=\"true\" class=\"wp-block-spacer\"><\/div>\n\n\n\n<div class=\"wp-block-columns mb-0 fotos is-layout-flex wp-container-core-columns-is-layout-9d6595d7 wp-block-columns-is-layout-flex\">\n<div class=\"wp-block-column is-layout-flow wp-block-column-is-layout-flow\" style=\"flex-basis:50%\">\n<div class=\"wp-block-columns mb-0 grid is-layout-flex wp-container-core-columns-is-layout-9d6595d7 wp-block-columns-is-layout-flex\">\n<div class=\"wp-block-column mb-0 is-layout-flow wp-block-column-is-layout-flow\">\n<figure class=\"wp-block-image size-full\"><img decoding=\"async\" src=\"https:\/\/ortho-center.eu\/wp-content\/uploads\/2021\/09\/dr.lill-02-e1631179163249.jpg\" alt=\"\" class=\"wp-image-18960\"\/><\/figure>\n<\/div>\n\n\n\n<div class=\"wp-block-column mb-0 is-layout-flow wp-block-column-is-layout-flow\">\n<figure class=\"wp-block-image size-full\"><img decoding=\"async\" src=\"https:\/\/ortho-center.eu\/wp-content\/uploads\/2021\/09\/dr.lill-01-e1631179099529.jpg\" alt=\"\" class=\"wp-image-18957\"\/><\/figure>\n<\/div>\n<\/div>\n<\/div>\n\n\n\n<div class=\"wp-block-column is-layout-flow wp-block-column-is-layout-flow\" style=\"flex-basis:55%\">\n<figure class=\"wp-block-image size-full\"><img decoding=\"async\" src=\"https:\/\/ortho-center.eu\/wp-content\/uploads\/2021\/09\/dr.lill-03-1-e1631184052563.jpg\" alt=\"\" class=\"wp-image-18954\"\/><\/figure>\n<\/div>\n<\/div>\n\n\n\n<div style=\"height:60px\" aria-hidden=\"true\" class=\"wp-block-spacer\"><\/div>\n<\/div><\/div>\n","protected":false},"excerpt":{"rendered":"<p>Prof. Dr. med. Christoph Lill Specialistfor gentle joint surgery Professor Dr. med. Christoph Lill is an international surgeon specialized in innovative arthroscopic surgical procedures, minimally invasive joint replacement, foot and hip, foot surgery and orthopedic stem cell therapy. Together with his highly specialized team complex&nbsp;spine surgeries&nbsp;are performed. Focus of Prof. Lill Qualifications Memberships Professor Dr. &#8230; <a title=\"Prof. Dr. med. Christoph Lill\" class=\"read-more\" href=\"https:\/\/ortho-center.eu\/en\/prof-dr-lill\/\" aria-label=\"Read more about Prof. Dr. med. Christoph Lill\">Read more<\/a><\/p>\n","protected":false},"author":4,"featured_media":0,"parent":0,"menu_order":0,"comment_status":"closed","ping_status":"closed","template":"","meta":{"footnotes":""},"class_list":["post-17801","page","type-page","status-publish"],"_links":{"self":[{"href":"https:\/\/ortho-center.eu\/en\/wp-json\/wp\/v2\/pages\/17801","targetHints":{"allow":["GET"]}}],"collection":[{"href":"https:\/\/ortho-center.eu\/en\/wp-json\/wp\/v2\/pages"}],"about":[{"href":"https:\/\/ortho-center.eu\/en\/wp-json\/wp\/v2\/types\/page"}],"author":[{"embeddable":true,"href":"https:\/\/ortho-center.eu\/en\/wp-json\/wp\/v2\/users\/4"}],"replies":[{"embeddable":true,"href":"https:\/\/ortho-center.eu\/en\/wp-json\/wp\/v2\/comments?post=17801"}],"version-history":[{"count":10,"href":"https:\/\/ortho-center.eu\/en\/wp-json\/wp\/v2\/pages\/17801\/revisions"}],"predecessor-version":[{"id":28213,"href":"https:\/\/ortho-center.eu\/en\/wp-json\/wp\/v2\/pages\/17801\/revisions\/28213"}],"wp:attachment":[{"href":"https:\/\/ortho-center.eu\/en\/wp-json\/wp\/v2\/media?parent=17801"}],"curies":[{"name":"wp","href":"https:\/\/api.w.org\/{rel}","templated":true}]}}