{"id":13115,"date":"2018-02-14T13:21:47","date_gmt":"2018-02-14T12:21:47","guid":{"rendered":"http:\/\/ortho-center.de1.biz\/?page_id=13115"},"modified":"2025-08-13T16:25:33","modified_gmt":"2025-08-13T14:25:33","slug":"impressum","status":"publish","type":"page","link":"https:\/\/ortho-center.eu\/en\/impressum\/","title":{"rendered":"Imprint"},"content":{"rendered":"\n<div class=\"wp-block-cover alignfull has-parallax mb-0\" style=\"min-height:856px;aspect-ratio:unset;\" id=\"header-cover\"><div role=\"img\" aria-label=\"Blue wireframe illustration of a human knee; red area highlights pain\/inflammation.\" class=\"wp-block-cover__image-background wp-image-36 has-parallax\" style=\"background-position:50% 50%;background-image:url(https:\/\/ortho-center.eu\/wp-content\/uploads\/2021\/08\/Overlay.png)\"><\/div><span aria-hidden=\"true\" class=\"wp-block-cover__background has-background-dim-0 has-background-dim\"><\/span><div class=\"wp-block-cover__inner-container is-layout-flow wp-block-cover-is-layout-flow\">\n<div class=\"wp-block-group\"><div class=\"wp-block-group__inner-container is-layout-flow wp-block-group-is-layout-flow\">\n<div class=\"wp-block-columns is-layout-flex wp-container-core-columns-is-layout-9d6595d7 wp-block-columns-is-layout-flex\">\n<div class=\"wp-block-column is-layout-flow wp-block-column-is-layout-flow\" style=\"flex-basis:66.66%\">\n<h1 class=\"wp-block-heading light has-white-color has-text-color\"><span class=\"semibold\">Privatpraxis f\u00fcr Orthop\u00e4die &amp;<br>Sportmedizin<\/span> in M\u00fcnchen <\/h1>\n\n\n\n<p class=\"only-desktop semibold has-white-color has-text-color\" style=\"font-size:18px\">Die orthop\u00e4dische Praxis f\u00fcr anspruchsvolle Patienten aus aller Welt &#8211; mit maximalem Anspruch an Qualit\u00e4t, Effizienz und Service bei der Diagnostik und Behandlung! Individuelle Spitzenmedizin sowohl im konservativen als auch im operativen Bereich!<\/p>\n\n\n\n<p class=\"termin-buchen-btn btn-general\"><a href=\"https:\/\/ortho-center.eu\/en\/online-termin\/\" data-type=\"page\" data-id=\"20004\">BOOK APPOINTMENT<\/a><\/p>\n<\/div>\n\n\n\n<div class=\"wp-block-column is-layout-flow wp-block-column-is-layout-flow\" style=\"flex-basis:33.33%\"><\/div>\n<\/div>\n<\/div><\/div>\n<\/div><\/div>\n\n\n\n<div class=\"wp-block-group\"><div class=\"wp-block-group__inner-container is-layout-flow wp-block-group-is-layout-flow\">\n<p><strong>OrthoCenter M\u00fcnchen<\/strong><br>Zweigpraxis MOVE MVZ am Stiglmaierplatz GmbH<br>Nymphenburger Str. 1<br>80335 M\u00fcnchen<\/p>\n\n\n\n<p><strong>Vertreten durch:<\/strong><br>Dr. Jo\u0308rg Haury, Prof. Andreas Lenich, Dr. Frank Styra<\/p>\n\n\n\n<p><strong>Handelsregister:<\/strong> 284404<br><strong>Registergericht: <\/strong><br>Handelsregister: Amtsgericht M\u00fcnchen<\/p>\n\n\n\n<p>Phone:&nbsp;&nbsp;<a href=\"tel:00498946134530\">+49 89 46134530<\/a><\/p>\n\n\n\n<p>Telefax: <a href=\"tel:004989461345399\">+49 89 461 34 53 99<\/a><\/p>\n\n\n\n<p>E-Mail: <a href=\"mailto:info@ortho-center.eu\">info@ortho-center.eu<\/a><\/p>\n\n\n\n<p><strong>Berufsbezeichnung:<\/strong> Arzt, Facharzt f\u00fcr Orthop\u00e4die<\/p>\n\n\n\n<p><strong>Staat: <\/strong>Bundesrepublik Deutschland<\/p>\n\n\n\n<p><strong>Berufsrechtliche Regelung:<\/strong> Berufsordnung f\u00fcr die \u00c4rzte Bayerns<\/p>\n\n\n\n<p><strong>Zust\u00e4ndige Aufsichtsbeh\u00f6rde:<\/strong><br>Kassen\u00e4rztliche Vereinigung Bayerns<br>Bezirkstelle Oberbayern<br>Elsenheimerstrasse 39<br>DE-80539 M\u00fcnchen<br><a title=\"KVB\" href=\"http:\/\/www.kvb.de\" target=\"_blank\" rel=\"noopener noreferrer\">www.kvb.de<\/a><\/p>\n\n\n\n<p><strong>Zust\u00e4ndige Kammer:<\/strong><br>Bayerische Landes\u00e4rztekammer<br>M\u00fchlbauerstrasse 16<br>81677 M\u00fcnchen<br><a title=\"BLAEK\" href=\"http:\/\/www.blaek.de\" target=\"_blank\" rel=\"noopener noreferrer\">www.blaek.de<\/a><\/p>\n\n\n\n<p><strong>Rechtswirksamkeit dieses Haftungsausschlusses<\/strong><br>Trotz sorgf\u00e4ltiger inhaltlicher Kontrolle \u00fcbernehmen wir keine Haftung f\u00fcr die Inhalte der externen Links.<br>F\u00fcr die Inhalte der verlinkten Seiten sind ausschlie\u00dflich deren Betreiber verantwortlich.<\/p>\n\n\n\n<p><strong>Verwendung der Bilder auf der Webseite:<\/strong><\/p>\n\n\n\n<p><strong>Adobe Stock:<\/strong><\/p>\n\n\n\n<p><a href=\"https:\/\/stock.adobe.com\/de\/contributor\/201444233\/henrie\">\u00a9Henrie<\/a>: 137973469<\/p>\n\n\n\n<p><strong>iStock: <\/strong><strong><\/strong><\/p>\n\n\n\n<p><a href=\"https:\/\/www.istockphoto.com\/de\/portfolio\/VladyslavSeveryn?mediatype=illustration\" target=\"_blank\" rel=\"noreferrer noopener\">\u00a9Vladyslav Severyn<\/a>: 1305493664, 1262982023, 1262982096, 1318508255, 1262862242, 1210949664, 1305927181, 1299563948<\/p>\n\n\n\n<p><a href=\"https:\/\/www.istockphoto.com\/de\/portfolio\/yodiyim?mediatype=photography\" target=\"_blank\" rel=\"noreferrer noopener\">\u00a9yodiyim<\/a>: 840585164<\/p>\n\n\n\n<p><a href=\"https:\/\/www.istockphoto.com\/de\/portfolio\/IlyaLukichev?mediatype=illustration\" target=\"_blank\" rel=\"noreferrer noopener\">\u00a9Ilya Lukichev<\/a>: 1326988149, 1271816790<\/p>\n\n\n\n<p><a href=\"https:\/\/www.istockphoto.com\/de\/portfolio\/NattaponKongbunmee?mediatype=illustration\">\u00a9Nattapon Kongbunmee<\/a>: 1224658227<\/p>\n\n\n\n<p><a href=\"https:\/\/www.istockphoto.com\/de\/portfolio\/Who_I_am?mediatype=illustration\">\u00a9Who_I_am<\/a>: 1063311564, 940992990, 1147011145<\/p>\n\n\n\n<p><a href=\"https:\/\/www.istockphoto.com\/de\/portfolio\/royyimzy?mediatype=illustration\" target=\"_blank\" rel=\"noreferrer noopener\">\u00a9royyimzy<\/a>: 1015763076<\/p>\n\n\n\n<p><a href=\"https:\/\/www.istockphoto.com\/de\/portfolio\/LuckyStep48?mediatype=illustration\" target=\"_blank\" rel=\"noreferrer noopener\">\u00a9LuckyStep48<\/a>: 1177162183<\/p>\n\n\n\n<p><a href=\"https:\/\/www.istockphoto.com\/de\/portfolio\/beruangbanyak?mediatype=illustration\" target=\"_blank\" rel=\"noreferrer noopener\">\u00a9freaktor<\/a>: 1192440833<\/p>\n<\/div><\/div>\n","protected":false},"excerpt":{"rendered":"<p>OrthoCenter M\u00fcnchenZweigpraxis MOVE MVZ am Stiglmaierplatz GmbHNymphenburger Str. 180335 M\u00fcnchen Vertreten durch:Dr. Jo\u0308rg Haury, Prof. Andreas Lenich, Dr. Frank Styra Handelsregister: 284404Registergericht: Handelsregister: Amtsgericht M\u00fcnchen Phone:&nbsp;&nbsp;+49 89 46134530 Telefax: +49 89 461 34 53 99 E-Mail: info@ortho-center.eu Berufsbezeichnung: Arzt, Facharzt f\u00fcr Orthop\u00e4die Staat: Bundesrepublik Deutschland Berufsrechtliche Regelung: Berufsordnung f\u00fcr die \u00c4rzte Bayerns Zust\u00e4ndige Aufsichtsbeh\u00f6rde:Kassen\u00e4rztliche Vereinigung &#8230; <a title=\"Imprint\" class=\"read-more\" href=\"https:\/\/ortho-center.eu\/en\/impressum\/\" aria-label=\"Read more about Imprint\">Read more<\/a><\/p>\n","protected":false},"author":4,"featured_media":0,"parent":0,"menu_order":0,"comment_status":"closed","ping_status":"open","template":"","meta":{"footnotes":""},"class_list":["post-13115","page","type-page","status-publish"],"_links":{"self":[{"href":"https:\/\/ortho-center.eu\/en\/wp-json\/wp\/v2\/pages\/13115","targetHints":{"allow":["GET"]}}],"collection":[{"href":"https:\/\/ortho-center.eu\/en\/wp-json\/wp\/v2\/pages"}],"about":[{"href":"https:\/\/ortho-center.eu\/en\/wp-json\/wp\/v2\/types\/page"}],"author":[{"embeddable":true,"href":"https:\/\/ortho-center.eu\/en\/wp-json\/wp\/v2\/users\/4"}],"replies":[{"embeddable":true,"href":"https:\/\/ortho-center.eu\/en\/wp-json\/wp\/v2\/comments?post=13115"}],"version-history":[{"count":6,"href":"https:\/\/ortho-center.eu\/en\/wp-json\/wp\/v2\/pages\/13115\/revisions"}],"predecessor-version":[{"id":26472,"href":"https:\/\/ortho-center.eu\/en\/wp-json\/wp\/v2\/pages\/13115\/revisions\/26472"}],"wp:attachment":[{"href":"https:\/\/ortho-center.eu\/en\/wp-json\/wp\/v2\/media?parent=13115"}],"curies":[{"name":"wp","href":"https:\/\/api.w.org\/{rel}","templated":true}]}}